{"id":12413,"date":"2020-08-03T18:17:26","date_gmt":"2020-08-03T16:17:26","guid":{"rendered":"http:\/\/musicaclubs.com\/musica-riccione\/?page_id=12413"},"modified":"2020-08-03T21:33:03","modified_gmt":"2020-08-03T19:33:03","slug":"privacy-policy","status":"publish","type":"page","link":"https:\/\/musicaclubs.com\/musica-riccione\/privacy-policy\/","title":{"rendered":"Privacy Policy"},"content":{"rendered":"<p>[vc_row columns_placement=&#8221;middle&#8221; equal_height=&#8221;yes&#8221; font_color=&#8221;dark&#8221; shift_y=&#8221;0&#8243; z_index=&#8221;0&#8243;][vc_column][vc_custom_heading text=&#8221;Privacy Policy&#8221; font_size=&#8221;48&#8243; text_align=&#8221;left&#8221; color=&#8221;custom&#8221; font_weight=&#8221;700&#8243; custom_color=&#8221;#13294b&#8221;][\/vc_column][\/vc_row][vc_row columns_placement=&#8221;middle&#8221; equal_height=&#8221;yes&#8221; font_color=&#8221;dark&#8221; shift_y=&#8221;0&#8243; z_index=&#8221;0&#8243;][vc_column][vc_column_text]<strong>INFORMATIVA SUL TRATTAMENTO DEI DATI PERSONALI &#8211; FIDELITY CARD<\/strong><br \/>\nAi sensi dell\u2019art. 13 del Regolamento UE 2016\/679, Regolamento Generale sulla Protezione dei Dati<br \/>\n(\u201cRGPD\u201d) e del D.Lgs. n. 196\/2003, Codice in materia di protezione dei dati personali (\u201cCodice Privacy\u201d),<br \/>\nquest\u2019ultimo ove applicabile compatibilmente con il RGPD, P2 srl. (\u201cSociet\u00e0\u201d), in qualit\u00e0 di Titolare del<br \/>\nTrattamento, con sede in Via Roma Destra 120\/D 30016 Jesolo Lido (Ve), La informa in merito a quanto<br \/>\nsegue.<\/p>\n<p><strong>DATI PERSONALI TRATTATI<\/strong><br \/>\nCon l\u2019adesione al programma di fidelizzazione, meglio descritto nel rispettivo regolamento (reperibile<br \/>\npresso il sito xxxx )saranno raccolti e trattati i seguenti dati personali che La riguardano:<br \/>\ndati personali comuni e identificativi: ossia nome e cognome, indirizzo, e-mail, cellulare, data di nascita;<br \/>\ndati sulle Sue preferenze manifestate in relazione od in funzione dell\u2019adesione a specifici servizi e\/o<br \/>\nnell\u2019ambito delle manifestazioni a premio, come anche meglio riportato nei rispettivi regolamenti e<br \/>\ncondizioni d\u2019uso a cui si invita a fare sempre riferimento;<br \/>\ndati relativi agli acquisti da Lei effettuati utilizzando le Card, (es. tipologia di servizio acquistato, xxxxx).<\/p>\n<p><strong>BASE GIURIDICA E FINALIT\u00c0 DEL TRATTAMENTO<\/strong><br \/>\nI dati personali come sopra indicati potranno essere trattati dalla Societ\u00e0 secondo quanto di seguito<br \/>\nindicato:<br \/>\nper l\u2019adempimento di un obbligo contrattuale \u2013 ossia per evadere la Sua richiesta di emissione delle<br \/>\n\u201cCard\u201d e per la relativa creazione, consegna e gestione, e per l\u2019accumulo e la conversione automatica degli<br \/>\nacquisti effettuati in \u201cpunti\u201d; per la gestione dei vantaggi riservati esclusivamente ai titolati di card aderenti<br \/>\na tali programmi (quali, ad esempio, sconti, servizi promozionali, privilegi ecc.) e, quindi, per adempiere in<br \/>\nmaniera corretta e puntuale a tutti gli obblighi derivanti da rapporti pre-contrattuali e contrattuali con Lei<br \/>\ninstaurati;<br \/>\nin adempimento di obblighi di legge \u2013 per l\u2019adempimento di obblighi derivanti dalla legge o dai<br \/>\nregolamenti, nazionali e\/o comunitari, in vigore, ivi incluso in ambito fiscale, nonch\u00e9 da disposizioni<br \/>\nimpartite da autorit\u00e0 ed enti competenti;<br \/>\nin forza di un legittimo interesse di P2 srl \u2013 per la difesa in giudizio di un diritto od interesse dinanzi a<br \/>\nqualunque autorit\u00e0 od ente competente; per consentire l\u2019offerta diretta da parte della Societ\u00e0 di servizi<br \/>\nanaloghi (c.d. soft spam) a quelli oggetto di precedente acquisto, limitatamente alle coordinate di posta<br \/>\nelettronica da Lei fornite nel contesto di un precedente acquisto di un servizio e salva Sua opposizione a<br \/>\ntale trattamento; per la rilevazione del grado di soddisfazione della clientela sulla qualit\u00e0 dei servizi resi e<br \/>\nsull\u2019attivit\u00e0 svolta dalla Societ\u00e0 e per lo svolgimento di analisi statistiche e indagini di mercato su dati<br \/>\naggregati;<br \/>\n(iv) sulla base del Suo consenso:<br \/>\n&#8211; per finalit\u00e0 di invio di materiale pubblicitario relativo a servizi di P2 srl e\/o di terzi partner commerciali, o<br \/>\nrelativi a eventuali vantaggi esclusivi riservati ai titolari delle \u201cCard\u201d a mezzo di sistemi automatizzati, quali<br \/>\nposta elettronica o a mezzo di altri sistemi di messaggistica anche istantanea, (marketing)<br \/>\ne<br \/>\n&#8211; per l\u2019attivit\u00e0 di elaborazione del Suo profilo commerciale, tramite rilevazione ed elaborazione delle Sue<br \/>\nscelte e abitudini, per inviarle &#8211; a mezzo e-mail, o a mezzo di altri sistemi di messaggistica anche istantanea &#8211;<br \/>\nmateriale pubblicitario, relativo a servizi della Societ\u00e0 e\/o di terzi, di Suo specifico interesse , e per<br \/>\ncoinvolgere l\u2019interessato in ricerche di mercato personalizzate (profilazione). Tale attivit\u00e0 sar\u00e0 svolta<br \/>\nassociando, anche tramite strumenti automatizzati, interessi e preferenze di consumo con altri macro<br \/>\nindicatori quali la distribuzione geografica, la fascia di et\u00e0, il sesso (maschile o femminile).<br \/>\nNATURA OBBLIGATORIA O FACOLTATIVA DEL CONFERIMENTO DEI DATI<br \/>\nIl conferimento dei dati per le finalit\u00e0 di cui ai punti (i) (adempimento di obblighi contrattuali), (ii)<br \/>\n(adempimento di obblighi di legge) e (iii) (legittimo interesse di P2 srl) \u00e8 meramente facoltativo. Tuttavia,<br \/>\npoich\u00e9 tale trattamento \u00e8 necessario per consentire la creazione e gestione delle card e la prestazione dei<br \/>\nservizi da essa connessi, il mancato, parziale o inesatto conferimento dei dati in questione comporter\u00e0<br \/>\nl\u2019impossibilit\u00e0, a seconda dei casi, di usufruire dei servizi prestati e, in generale, di dare corso ed evadere<br \/>\nSue specifiche richieste e\/o di assolvere gli adempimenti come previsti dal contratto (intendendosi per tale<br \/>\nanche il regolamento di adesione al programma o all\u2019iniziativa) o dalla legge applicabile o quali derivanti da<br \/>\nun interesse della Societ\u00e0.<br \/>\nCon riferimento alle finalit\u00e0 di marketing e all\u2019attivit\u00e0 profilazione, il conferimento dei Suoi dati \u00e8<br \/>\nmeramente facoltativo ed il relativo trattamento si basa sul Suo consenso, libero, facoltativo e revocabile in<br \/>\nqualunque momento. Non ci sar\u00e0 pertanto nessuna conseguenza in caso di mancato conferimento dei dati<br \/>\nse non quello di non poter procedere all\u2019invio di materiale promo-pubblicitario di Suo specifico interesse.<\/p>\n<p><strong>COMUNICAZIONE DEI DATI<\/strong><br \/>\nI Suoi dati potranno essere comunicati alle seguenti categorie di soggetti:<br \/>\n\uf0b7 a tutti quei soggetti (ivi incluse le Pubbliche Autorit\u00e0) che hanno accesso ai dati personali in forza di<br \/>\nprovvedimenti normativi o amministrativi;<br \/>\n\uf0b7 a tutti quei soggetti, pubblici e\/o privati, persone fisiche e\/o giuridiche a cui la comunicazione risulti<br \/>\nnecessaria o funzionale al corretto adempimento di un obbligo contrattuale o di legge.<br \/>\nPotranno inoltre venire a conoscenza dei dati soggetti che operano per conto della Societ\u00e0 che li<br \/>\ntratteranno in qualit\u00e0 di responsabili esterni del trattamento.<\/p>\n<p><strong>TEMPI DI CONSERVAZIONE DEI DATI<\/strong><br \/>\nI dati personali che La riguardano saranno conservati, nel rispetto delle disposizioni di legge e delle<br \/>\nprescrizioni del Garante per la Protezione dei Dati Personali (Autorit\u00e0 di Controllo) quali, in particolare,<br \/>\nriportate nel provvedimento in materia di \u201c&#8217;Fidelity card&#8217; e garanzie per i consumatori. Le regole del<br \/>\nGarante per i programmi di fidelizzazione\u201d del 24 febbraio 2005 e successive modifiche ed integrazioni,<br \/>\nsecondo quanto di seguito precisato:<br \/>\n\uf0b7 per le finalit\u00e0 di marketing, i dati relativi al dettaglio dei Suoi acquisti saranno conservati per un<br \/>\nperiodo non superiore a ventiquattro mesi dalla loro registrazione;<br \/>\n\uf0b7 per l\u2019attivit\u00e0 di profilazione, i dati relativi al dettaglio dei Suoi acquisti saranno conservati per un<br \/>\nperiodo non superiore a dodici mesi dalla loro registrazione.<br \/>\nNel caso di eventuale ritiro, disabilitazione per mancato utilizzo entro un determinato arco temporale,<br \/>\nscadenza o restituzione delle Card, i dati saranno conservati per finalit\u00e0 amministrative per un periodo<br \/>\nconnesso agli specifici obblighi di legge sulla conservazione di documentazione contabile).<br \/>\nI dati diversi da quelli relativi al dettaglio di acquisto saranno conservati fino alla revoca del consenso da<br \/>\nparte Sua.<br \/>\nSalvo quanto sopra indicato, i dati saranno trattati e conservati per tutta la durata del rapporto<br \/>\ncontrattuale, ivi incluso il periodo di durata del programma e dell\u2019iniziativa di fidelizzazione e,<br \/>\nsuccessivamente, per il tempo massimo previsto dalle disposizioni di legge applicabili in materia di<br \/>\nprescrizione dei diritti e\/o decadenza dell\u2019azione (anche in ambito amministrativo-fiscale) e, in generale,<br \/>\nper l\u2019esercizio\/difesa dei diritti di P2 srl nelle vertenze promosse da pubbliche autorit\u00e0, soggetti \/enti<br \/>\npubblici e soggetti privati.<\/p>\n<p><strong>DIRITTI<\/strong><br \/>\nLe ricordiamo che ha il diritto di (i) accedere ai dati (ivi incluso allo scopo di conoscere l\u2019origine dei dati, le<br \/>\nfinalit\u00e0 e modalit\u00e0 di trattamento e la logica allo stesso applicata, nonch\u00e9 gli estremi identificativi di<br \/>\ntitolare, responsabile e categorie di soggetti cui i dati possono essere comunicati), (ii) aggiornare e<br \/>\nrettificare o cancellare i dati, (iii) chiedere la limitazione del trattamento o di opporsi al trattamento, (iv)<br \/>\nchiedere la portabilit\u00e0 dei suoi dati e di trasmetterli ad altro titolare del trattamento (v) revocare, in<br \/>\nqualsiasi momento, il consenso prestato. L\u2019eventuale successiva revoca del consenso non pregiudica la<br \/>\nliceit\u00e0 del trattamento dei dati svolto nel periodo antecedente tale revoca. \u00c8 inoltre Suo diritto proporre<br \/>\nreclamo all\u2019Autorit\u00e0 di Controllo<br \/>\nI diritti di cui sopra potranno essere esercitati con richiesta rivolta senza formalit\u00e0 al Titolare. La richiesta<br \/>\npotr\u00e0 essere inviata al Titolare tramite lettera o posta elettronica ai seguenti indirizzi: Via Roma Destra<br \/>\n120\/D 30016 Jesolo Lido (Ve) email: amministrazione@dflife.it.<br \/>\nP2 srl ha inoltre provveduto a nominare un Responsabile della Protezione dei Dati (RPD, o DPO), che \u00e8<br \/>\nreperibile a mezzo posta elettronica all\u2019indirizzo dpo@p2srl.com.<br \/>\nQuesta Privacy Policy \u00e8 soggetta a modifiche ed aggiornamenti, anche in dipendenza di variazioni nella<br \/>\nnormativa applicabile.<br \/>\nEventuali modifiche od aggiornamenti saranno portati a conoscenza dell\u2019utente tramite pubblicazione nella<br \/>\nhome page del Sito e saranno applicabili e vincolanti a decorrere da tale momento.<br \/>\nLa Societ\u00e0 invita, pertanto, gli utenti a visitare periodicamente questa pagina allo scopo di venire a<br \/>\nconoscenza di eventuali modifiche od aggiornamenti.<\/p>\n<p><em>*La presente informativa \u00e8 stata, da ultimo, aggiornata nel mese di settembre 2019.<\/em>[\/vc_column_text][vc_empty_space height=&#8221;50&#8243;][\/vc_column][\/vc_row]<\/p>\n","protected":false},"excerpt":{"rendered":"<p>[vc_row columns_placement=&#8221;middle&#8221; equal_height=&#8221;yes&#8221; font_color=&#8221;dark&#8221; shift_y=&#8221;0&#8243; z_index=&#8221;0&#8243;][vc_column][vc_custom_heading text=&#8221;Privacy Policy&#8221; font_size=&#8221;48&#8243; text_align=&#8221;left&#8221; color=&#8221;custom&#8221; font_weight=&#8221;700&#8243; custom_color=&#8221;#13294b&#8221;][\/vc_column][\/vc_row][vc_row columns_placement=&#8221;middle&#8221; equal_height=&#8221;yes&#8221; font_color=&#8221;dark&#8221; shift_y=&#8221;0&#8243; z_index=&#8221;0&#8243;][vc_column][vc_column_text]INFORMATIVA SUL TRATTAMENTO DEI DATI PERSONALI &#8211; FIDELITY CARD Ai sensi dell\u2019art. 13 del Regolamento UE 2016\/679, Regolamento Generale sulla Protezione dei Dati (\u201cRGPD\u201d) e del D.Lgs. n. 196\/2003, Codice in materia di protezione dei dati personali (\u201cCodice&#8230;<\/p>\n<p><a rel=\"bookmark\" class=\"hyperbent-button-simple wvc-button wvc-button-size-xs\" href=\"https:\/\/musicaclubs.com\/musica-riccione\/privacy-policy\/\"><span>Continue reading<\/span><\/a><\/p>\n","protected":false},"author":3,"featured_media":0,"parent":0,"menu_order":0,"comment_status":"closed","ping_status":"closed","template":"","meta":[],"_links":{"self":[{"href":"https:\/\/musicaclubs.com\/musica-riccione\/wp-json\/wp\/v2\/pages\/12413"}],"collection":[{"href":"https:\/\/musicaclubs.com\/musica-riccione\/wp-json\/wp\/v2\/pages"}],"about":[{"href":"https:\/\/musicaclubs.com\/musica-riccione\/wp-json\/wp\/v2\/types\/page"}],"author":[{"embeddable":true,"href":"https:\/\/musicaclubs.com\/musica-riccione\/wp-json\/wp\/v2\/users\/3"}],"replies":[{"embeddable":true,"href":"https:\/\/musicaclubs.com\/musica-riccione\/wp-json\/wp\/v2\/comments?post=12413"}],"version-history":[{"count":0,"href":"https:\/\/musicaclubs.com\/musica-riccione\/wp-json\/wp\/v2\/pages\/12413\/revisions"}],"wp:attachment":[{"href":"https:\/\/musicaclubs.com\/musica-riccione\/wp-json\/wp\/v2\/media?parent=12413"}],"curies":[{"name":"wp","href":"https:\/\/api.w.org\/{rel}","templated":true}]}}